{"id":45,"date":"2025-04-27T11:36:23","date_gmt":"2025-04-27T09:36:23","guid":{"rendered":"https:\/\/ventadempresas.com\/blog\/?page_id=45"},"modified":"2025-04-27T11:38:21","modified_gmt":"2025-04-27T09:38:21","slug":"declaracion-de-accesibilidad","status":"publish","type":"page","link":"https:\/\/ventadempresas.com\/blog\/declaracion-de-accesibilidad\/","title":{"rendered":"Declaraci\u00f3n de Accesibilidad"},"content":{"rendered":"<p>JOMPIAL, S.L.U. entidad privada empresarial se ha comprometido a hacer accesible su sitio web, de conformidad con el Real Decreto 1112\/2018, de 7 de septiembre, sobre accesibilidad de los sitios web.<\/p>\n<p>La presente declaraci\u00f3n de accesibilidad se aplica a este sitio web.<\/p>\n<p><strong>SITUACI\u00d3N DE CUMPLIMIENTO<\/strong><\/p>\n<p>Este sitio web es parcialmente conforme con el\u00a0<a role=\"link\" href=\"http:\/\/www.boe.es\/diario_boe\/txt.php?id=BOE-A-2018-12699\">RD 1112\/2018<\/a>\u00a0debido a las excepciones y a la falta de conformidad de los aspectos que se indican en el siguiente punto.<\/p>\n<p><strong>CONTENIDO NO ACCESIBLE<\/strong><\/p>\n<p>El contenido que se recoge a continuaci\u00f3n no es accesible por lo siguiente:<\/p>\n<ul>\n<li>Falta de conformidad con el RD 1112\/2018<\/li>\n<\/ul>\n<p>Podr\u00edan existir errores de c\u00f3digo puntuales de edici\u00f3n en alguna p\u00e1gina web. [4.1.1 Procesamiento]<\/p>\n<p>Podr\u00edan existir algunos componentes de la interfaz de usuario que no se encuentren etiquetados correctamente. [4.1.2 Nombre, funci\u00f3n, valor]<\/p>\n<p><strong>PREPARACI\u00d3N DE LA PRESENTE DECLARACI\u00d3N DE ACCESIBILIDAD<\/strong><\/p>\n<p>La presente declaraci\u00f3n fue preparada el 05 de Febrero 2025.<\/p>\n<p>El m\u00e9todo empleado para preparar la declaraci\u00f3n ha sido una autoevaluaci\u00f3n llevada a cabo por la propia empresa.<\/p>\n<p>La Declaraci\u00f3n de Accesibilidad ha sido revisada y actualizada en Febrero de 2025.<\/p>\n<p><strong>OBSERVACIONES Y DATOS DE CONTACTO<\/strong><\/p>\n<p>Puede realizar\u00a0comunicaciones\u00a0sobre requisitos de accesibilidad (art\u00edculo 10.2.a del RD 1112\/2018) como por ejemplo:<\/p>\n<ul>\n<li>informar sobre cualquier posible incumplimiento por parte de este sitio web<\/li>\n<li>transmitir otras\u00a0dificultades de acceso\u00a0al contenido<\/li>\n<li>formular cualquier otra\u00a0consulta o sugerencia de mejora\u00a0relativa a la accesibilidad del sitio web<\/li>\n<\/ul>\n<p>A trav\u00e9s del\u00a0\u00a0correo electr\u00f3nico: <a href=\"mailto: info@ventadempresas.com\">info@ventadempresas.com<\/a> \u00a0usado para comunicaciones en este sitio web<\/p>\n<p>Puede presentar:<\/p>\n<ul>\n<li>Queja\u00a0relativa al cumplimiento de los requisitos del RD 1112\/2018 o<\/li>\n<li>Solicitud de Informaci\u00f3n accesible\u00a0relativa a:<\/li>\n<\/ul>\n<p>Contenidos que est\u00e1n excluidos del \u00e1mbito de aplicaci\u00f3n del RD 1112\/2018 seg\u00fan lo establecido por el art\u00edculo 3, apartado 4.<\/p>\n<p>Contenidos que est\u00e1n exentos del cumplimiento de los requisitos de accesibilidad por imponer una carga desproporcionada.<\/p>\n<p>En la Solicitud de informaci\u00f3n accesible, se debe concretar, con toda claridad, los hechos, razones y petici\u00f3n que permitan constatar que se trata de una solicitud razonable y leg\u00edtima.<\/p>\n<p>Las quejas y reclamaciones sobre informaci\u00f3n accesible se realizar\u00e1n a trav\u00e9s de el correo electr\u00f3nico; <a href=\"mailto: info@ventadempresas.com\">info@ventadempresas.com<\/a>, y ser\u00e1n recibidas y tratadas por el \u00e1rea de inform\u00e1tica de \u00a0JOMPIAL, S.L.U.<\/p>\n<p><strong>PROCEDIMIENTO DE APLICACI\u00d3N<\/strong><\/p>\n<p>Si una vez realizada una solicitud de informaci\u00f3n accesible o queja, \u00e9sta hubiera sido desestimada, no se estuviera de acuerdo con la decisi\u00f3n adoptada, o la respuesta no cumpliera los requisitos contemplados en el art\u00edculo 12.5, la persona interesada podr\u00e1 iniciar una reclamaci\u00f3n. Igualmente se podr\u00e1 iniciar una reclamaci\u00f3n en el caso de que haya transcurrido el plazo de veinte d\u00edas h\u00e1biles sin haber obtenido respuesta.<\/p>\n<p>La reclamaci\u00f3n puede ser presentada trav\u00e9s de presentaci\u00f3n por correo Electr\u00f3nico a la direcci\u00f3n: <a href=\"mailto: info@ventadempresas.com\">info@ventadempresas.com<\/a> Las reclamaciones ser\u00e1n recibidas y tratadas por el departamento correspondiente.<\/p>\n<p><strong>CONTENIDO OPCIONAL<\/strong><\/p>\n<p>Este portal est\u00e1 dise\u00f1ado para poder cambiar el tama\u00f1o del texto y el color, as\u00ed como el fondo de la p\u00e1gina mediante las opciones de configuraci\u00f3n est\u00e1ndar de los navegadores.<\/p>\n<p>Si desea cambiar el tama\u00f1o de letra del texto en los principales navegadores gr\u00e1ficos utilice los siguientes men\u00fas:<\/p>\n<ul>\n<li>Internet Explorer, Mozilla y Firefox: Ver &gt; Tama\u00f1o del texto<\/li>\n<li>Opera: Ver &gt; Zoom<\/li>\n<li>Safari: Ver &gt; Hacer el texto m\u00e1s grande<\/li>\n<li>Chrome: Controla la p\u00e1gina actual &gt; Tama\u00f1o del texto<\/li>\n<li>Para modificar el tama\u00f1o de todo en la p\u00e1gina:\n<ul>\n<li>Ctrl + + para aumentarlo<\/li>\n<li>Ctrl + \u2013 para disminuirlo<\/li>\n<li>Ctrl + 0 restaura el tama\u00f1o original del texto<\/li>\n<li>Si lo que quiere es anular la hoja de estilos o modificar el color del texto, puede usar el control de accesibilidad implantado en la web por defecto mediante el uso del bot\u00f3n azul de accesibilidad del margen superior izquierdo de esta Web.<\/li>\n<\/ul>\n<\/li>\n<\/ul>\n","protected":false},"excerpt":{"rendered":"<p>JOMPIAL, S.L.U. entidad privada empresarial se ha comprometido a hacer accesible su sitio web, de conformidad con el Real Decreto 1112\/2018, de 7 de septiembre, sobre accesibilidad de los sitios web. La presente declaraci\u00f3n de accesibilidad se aplica a este sitio web. SITUACI\u00d3N DE CUMPLIMIENTO Este sitio web es parcialmente conforme con el\u00a0RD 1112\/2018\u00a0debido a &#8230; <a title=\"Declaraci\u00f3n de Accesibilidad\" class=\"read-more\" href=\"https:\/\/ventadempresas.com\/blog\/declaracion-de-accesibilidad\/\" aria-label=\"Leer m\u00e1s sobre Declaraci\u00f3n de Accesibilidad\">Leer m\u00e1s<\/a><\/p>\n","protected":false},"author":1,"featured_media":0,"parent":0,"menu_order":12,"comment_status":"closed","ping_status":"closed","template":"","meta":{"footnotes":""},"class_list":["post-45","page","type-page","status-publish"],"yoast_head":"<!-- This site is optimized with the Yoast SEO plugin v27.3 - https:\/\/yoast.com\/product\/yoast-seo-wordpress\/ -->\n<title>Declaraci\u00f3n de Accesibilidad - Blog Venta de Empresas<\/title>\n<meta name=\"robots\" content=\"index, follow, max-snippet:-1, max-image-preview:large, max-video-preview:-1\" \/>\n<link rel=\"canonical\" href=\"https:\/\/ventadempresas.com\/blog\/declaracion-de-accesibilidad\/\" \/>\n<meta property=\"og:locale\" content=\"es_ES\" \/>\n<meta property=\"og:type\" content=\"article\" \/>\n<meta property=\"og:title\" content=\"Declaraci\u00f3n de Accesibilidad - Blog Venta de Empresas\" \/>\n<meta property=\"og:description\" content=\"JOMPIAL, S.L.U. entidad privada empresarial se ha comprometido a hacer accesible su sitio web, de conformidad con el Real Decreto 1112\/2018, de 7 de septiembre, sobre accesibilidad de los sitios web. La presente declaraci\u00f3n de accesibilidad se aplica a este sitio web. SITUACI\u00d3N DE CUMPLIMIENTO Este sitio web es parcialmente conforme con el\u00a0RD 1112\/2018\u00a0debido a ... Leer m\u00e1s\" \/>\n<meta property=\"og:url\" content=\"https:\/\/ventadempresas.com\/blog\/declaracion-de-accesibilidad\/\" \/>\n<meta property=\"og:site_name\" content=\"Blog Venta de Empresas\" \/>\n<meta property=\"article:modified_time\" content=\"2025-04-27T09:38:21+00:00\" \/>\n<meta name=\"twitter:card\" content=\"summary_large_image\" \/>\n<meta name=\"twitter:label1\" content=\"Tiempo de lectura\" \/>\n\t<meta name=\"twitter:data1\" content=\"3 minutos\" \/>\n<script type=\"application\/ld+json\" class=\"yoast-schema-graph\">{\"@context\":\"https:\\\/\\\/schema.org\",\"@graph\":[{\"@type\":\"WebPage\",\"@id\":\"https:\\\/\\\/ventadempresas.com\\\/blog\\\/declaracion-de-accesibilidad\\\/\",\"url\":\"https:\\\/\\\/ventadempresas.com\\\/blog\\\/declaracion-de-accesibilidad\\\/\",\"name\":\"Declaraci\u00f3n de Accesibilidad - Blog Venta de Empresas\",\"isPartOf\":{\"@id\":\"https:\\\/\\\/ventadempresas.com\\\/blog\\\/#website\"},\"datePublished\":\"2025-04-27T09:36:23+00:00\",\"dateModified\":\"2025-04-27T09:38:21+00:00\",\"breadcrumb\":{\"@id\":\"https:\\\/\\\/ventadempresas.com\\\/blog\\\/declaracion-de-accesibilidad\\\/#breadcrumb\"},\"inLanguage\":\"es\",\"potentialAction\":[{\"@type\":\"ReadAction\",\"target\":[\"https:\\\/\\\/ventadempresas.com\\\/blog\\\/declaracion-de-accesibilidad\\\/\"]}]},{\"@type\":\"BreadcrumbList\",\"@id\":\"https:\\\/\\\/ventadempresas.com\\\/blog\\\/declaracion-de-accesibilidad\\\/#breadcrumb\",\"itemListElement\":[{\"@type\":\"ListItem\",\"position\":1,\"name\":\"Portada\",\"item\":\"https:\\\/\\\/ventadempresas.com\\\/blog\\\/\"},{\"@type\":\"ListItem\",\"position\":2,\"name\":\"Declaraci\u00f3n de Accesibilidad\"}]},{\"@type\":\"WebSite\",\"@id\":\"https:\\\/\\\/ventadempresas.com\\\/blog\\\/#website\",\"url\":\"https:\\\/\\\/ventadempresas.com\\\/blog\\\/\",\"name\":\"Blog Venta de Empresas\",\"description\":\"Blog\",\"publisher\":{\"@id\":\"https:\\\/\\\/ventadempresas.com\\\/blog\\\/#organization\"},\"potentialAction\":[{\"@type\":\"SearchAction\",\"target\":{\"@type\":\"EntryPoint\",\"urlTemplate\":\"https:\\\/\\\/ventadempresas.com\\\/blog\\\/?s={search_term_string}\"},\"query-input\":{\"@type\":\"PropertyValueSpecification\",\"valueRequired\":true,\"valueName\":\"search_term_string\"}}],\"inLanguage\":\"es\"},{\"@type\":\"Organization\",\"@id\":\"https:\\\/\\\/ventadempresas.com\\\/blog\\\/#organization\",\"name\":\"Blog Venta de Empresas\",\"url\":\"https:\\\/\\\/ventadempresas.com\\\/blog\\\/\",\"logo\":{\"@type\":\"ImageObject\",\"inLanguage\":\"es\",\"@id\":\"https:\\\/\\\/ventadempresas.com\\\/blog\\\/#\\\/schema\\\/logo\\\/image\\\/\",\"url\":\"https:\\\/\\\/ventadempresas.com\\\/blog\\\/wp-content\\\/uploads\\\/2025\\\/04\\\/cropped-logo-copia.png\",\"contentUrl\":\"https:\\\/\\\/ventadempresas.com\\\/blog\\\/wp-content\\\/uploads\\\/2025\\\/04\\\/cropped-logo-copia.png\",\"width\":80,\"height\":61,\"caption\":\"Blog Venta de Empresas\"},\"image\":{\"@id\":\"https:\\\/\\\/ventadempresas.com\\\/blog\\\/#\\\/schema\\\/logo\\\/image\\\/\"}}]}<\/script>\n<!-- \/ Yoast SEO plugin. -->","yoast_head_json":{"title":"Declaraci\u00f3n de Accesibilidad - Blog Venta de Empresas","robots":{"index":"index","follow":"follow","max-snippet":"max-snippet:-1","max-image-preview":"max-image-preview:large","max-video-preview":"max-video-preview:-1"},"canonical":"https:\/\/ventadempresas.com\/blog\/declaracion-de-accesibilidad\/","og_locale":"es_ES","og_type":"article","og_title":"Declaraci\u00f3n de Accesibilidad - Blog Venta de Empresas","og_description":"JOMPIAL, S.L.U. entidad privada empresarial se ha comprometido a hacer accesible su sitio web, de conformidad con el Real Decreto 1112\/2018, de 7 de septiembre, sobre accesibilidad de los sitios web. La presente declaraci\u00f3n de accesibilidad se aplica a este sitio web. SITUACI\u00d3N DE CUMPLIMIENTO Este sitio web es parcialmente conforme con el\u00a0RD 1112\/2018\u00a0debido a ... Leer m\u00e1s","og_url":"https:\/\/ventadempresas.com\/blog\/declaracion-de-accesibilidad\/","og_site_name":"Blog Venta de Empresas","article_modified_time":"2025-04-27T09:38:21+00:00","twitter_card":"summary_large_image","twitter_misc":{"Tiempo de lectura":"3 minutos"},"schema":{"@context":"https:\/\/schema.org","@graph":[{"@type":"WebPage","@id":"https:\/\/ventadempresas.com\/blog\/declaracion-de-accesibilidad\/","url":"https:\/\/ventadempresas.com\/blog\/declaracion-de-accesibilidad\/","name":"Declaraci\u00f3n de Accesibilidad - Blog Venta de Empresas","isPartOf":{"@id":"https:\/\/ventadempresas.com\/blog\/#website"},"datePublished":"2025-04-27T09:36:23+00:00","dateModified":"2025-04-27T09:38:21+00:00","breadcrumb":{"@id":"https:\/\/ventadempresas.com\/blog\/declaracion-de-accesibilidad\/#breadcrumb"},"inLanguage":"es","potentialAction":[{"@type":"ReadAction","target":["https:\/\/ventadempresas.com\/blog\/declaracion-de-accesibilidad\/"]}]},{"@type":"BreadcrumbList","@id":"https:\/\/ventadempresas.com\/blog\/declaracion-de-accesibilidad\/#breadcrumb","itemListElement":[{"@type":"ListItem","position":1,"name":"Portada","item":"https:\/\/ventadempresas.com\/blog\/"},{"@type":"ListItem","position":2,"name":"Declaraci\u00f3n de Accesibilidad"}]},{"@type":"WebSite","@id":"https:\/\/ventadempresas.com\/blog\/#website","url":"https:\/\/ventadempresas.com\/blog\/","name":"Blog Venta de Empresas","description":"Blog","publisher":{"@id":"https:\/\/ventadempresas.com\/blog\/#organization"},"potentialAction":[{"@type":"SearchAction","target":{"@type":"EntryPoint","urlTemplate":"https:\/\/ventadempresas.com\/blog\/?s={search_term_string}"},"query-input":{"@type":"PropertyValueSpecification","valueRequired":true,"valueName":"search_term_string"}}],"inLanguage":"es"},{"@type":"Organization","@id":"https:\/\/ventadempresas.com\/blog\/#organization","name":"Blog Venta de Empresas","url":"https:\/\/ventadempresas.com\/blog\/","logo":{"@type":"ImageObject","inLanguage":"es","@id":"https:\/\/ventadempresas.com\/blog\/#\/schema\/logo\/image\/","url":"https:\/\/ventadempresas.com\/blog\/wp-content\/uploads\/2025\/04\/cropped-logo-copia.png","contentUrl":"https:\/\/ventadempresas.com\/blog\/wp-content\/uploads\/2025\/04\/cropped-logo-copia.png","width":80,"height":61,"caption":"Blog Venta de Empresas"},"image":{"@id":"https:\/\/ventadempresas.com\/blog\/#\/schema\/logo\/image\/"}}]}},"_links":{"self":[{"href":"https:\/\/ventadempresas.com\/blog\/wp-json\/wp\/v2\/pages\/45","targetHints":{"allow":["GET"]}}],"collection":[{"href":"https:\/\/ventadempresas.com\/blog\/wp-json\/wp\/v2\/pages"}],"about":[{"href":"https:\/\/ventadempresas.com\/blog\/wp-json\/wp\/v2\/types\/page"}],"author":[{"embeddable":true,"href":"https:\/\/ventadempresas.com\/blog\/wp-json\/wp\/v2\/users\/1"}],"replies":[{"embeddable":true,"href":"https:\/\/ventadempresas.com\/blog\/wp-json\/wp\/v2\/comments?post=45"}],"version-history":[{"count":3,"href":"https:\/\/ventadempresas.com\/blog\/wp-json\/wp\/v2\/pages\/45\/revisions"}],"predecessor-version":[{"id":48,"href":"https:\/\/ventadempresas.com\/blog\/wp-json\/wp\/v2\/pages\/45\/revisions\/48"}],"wp:attachment":[{"href":"https:\/\/ventadempresas.com\/blog\/wp-json\/wp\/v2\/media?parent=45"}],"curies":[{"name":"wp","href":"https:\/\/api.w.org\/{rel}","templated":true}]}}